{"id":104,"date":"2024-11-22T13:21:23","date_gmt":"2024-11-22T13:21:23","guid":{"rendered":"https:\/\/cymaq.com\/?page_id=104"},"modified":"2025-06-24T09:40:44","modified_gmt":"2025-06-24T09:40:44","slug":"marcadoras-micropercusion-2","status":"publish","type":"page","link":"https:\/\/cymaq.com\/pt\/marcadoras-micropercussao\/","title":{"rendered":"Marcadoras de micropercuss\u00e3o"},"content":{"rendered":"\r\n\r\n","protected":false},"excerpt":{"rendered":"<p>Nossas m\u00e1quinas de marca\u00e7\u00e3o por micropercuss\u00e3o Marcadoras integr\u00e1veis Marcadoras port\u00e1teis<\/p>\n","protected":false},"author":1,"featured_media":244,"parent":0,"menu_order":0,"comment_status":"closed","ping_status":"closed","template":"full-width","meta":{"saved_in_kubio":true,"_monsterinsights_skip_tracking":false,"_monsterinsights_sitenote_active":false,"_monsterinsights_sitenote_note":"","_monsterinsights_sitenote_category":0,"footnotes":""},"class_list":["post-104","page","type-page","status-publish","has-post-thumbnail","hentry"],"aioseo_notices":[],"kubio_ai_page_context":{"short_desc":"","purpose":"general"},"_links":{"self":[{"href":"https:\/\/cymaq.com\/pt\/wp-json\/wp\/v2\/pages\/104","targetHints":{"allow":["GET"]}}],"collection":[{"href":"https:\/\/cymaq.com\/pt\/wp-json\/wp\/v2\/pages"}],"about":[{"href":"https:\/\/cymaq.com\/pt\/wp-json\/wp\/v2\/types\/page"}],"author":[{"embeddable":true,"href":"https:\/\/cymaq.com\/pt\/wp-json\/wp\/v2\/users\/1"}],"replies":[{"embeddable":true,"href":"https:\/\/cymaq.com\/pt\/wp-json\/wp\/v2\/comments?post=104"}],"version-history":[{"count":6,"href":"https:\/\/cymaq.com\/pt\/wp-json\/wp\/v2\/pages\/104\/revisions"}],"predecessor-version":[{"id":231,"href":"https:\/\/cymaq.com\/pt\/wp-json\/wp\/v2\/pages\/104\/revisions\/231"}],"wp:featuredmedia":[{"embeddable":true,"href":"https:\/\/cymaq.com\/pt\/wp-json\/wp\/v2\/media\/244"}],"wp:attachment":[{"href":"https:\/\/cymaq.com\/pt\/wp-json\/wp\/v2\/media?parent=104"}],"curies":[{"name":"wp","href":"https:\/\/api.w.org\/{rel}","templated":true}]}}