{"id":113,"date":"2024-11-22T14:58:45","date_gmt":"2024-11-22T14:58:45","guid":{"rendered":"https:\/\/cymaq.com\/?page_id=113"},"modified":"2024-12-03T18:53:26","modified_gmt":"2024-12-03T18:53:26","slug":"controladores","status":"publish","type":"page","link":"https:\/\/cymaq.com\/pt\/controladores\/","title":{"rendered":"Controladores"},"content":{"rendered":"\r\n\r\n","protected":false},"excerpt":{"rendered":"<p>AS400\/AS401 modelo de \u00faltima gera\u00e7\u00e3o Visor gr\u00e1fico colorido TFT (WYSIWYG). Armazenamento: at\u00e9 384 arquivos de 22 linhas, 50 caracteres por linha. Armazenamento de logotipo: at\u00e9 64 logotipos. Velocidade de marca\u00e7\u00e3o: 15 caracteres por segundo com cabe\u00e7ote pneum\u00e1tico. 8 caracteres por segundo com cabe\u00e7ote el\u00e9trico. Teclado de membrana e conex\u00e3o de teclado externo via USB. Comunica\u00e7\u00e3o [&hellip;]<\/p>\n","protected":false},"author":1,"featured_media":0,"parent":0,"menu_order":0,"comment_status":"closed","ping_status":"closed","template":"full-width","meta":{"saved_in_kubio":true,"_monsterinsights_skip_tracking":false,"_monsterinsights_sitenote_active":false,"_monsterinsights_sitenote_note":"","_monsterinsights_sitenote_category":0,"footnotes":""},"class_list":["post-113","page","type-page","status-publish","hentry"],"aioseo_notices":[],"kubio_ai_page_context":{"short_desc":"","purpose":"general"},"_links":{"self":[{"href":"https:\/\/cymaq.com\/pt\/wp-json\/wp\/v2\/pages\/113","targetHints":{"allow":["GET"]}}],"collection":[{"href":"https:\/\/cymaq.com\/pt\/wp-json\/wp\/v2\/pages"}],"about":[{"href":"https:\/\/cymaq.com\/pt\/wp-json\/wp\/v2\/types\/page"}],"author":[{"embeddable":true,"href":"https:\/\/cymaq.com\/pt\/wp-json\/wp\/v2\/users\/1"}],"replies":[{"embeddable":true,"href":"https:\/\/cymaq.com\/pt\/wp-json\/wp\/v2\/comments?post=113"}],"version-history":[{"count":14,"href":"https:\/\/cymaq.com\/pt\/wp-json\/wp\/v2\/pages\/113\/revisions"}],"predecessor-version":[{"id":472,"href":"https:\/\/cymaq.com\/pt\/wp-json\/wp\/v2\/pages\/113\/revisions\/472"}],"wp:attachment":[{"href":"https:\/\/cymaq.com\/pt\/wp-json\/wp\/v2\/media?parent=113"}],"curies":[{"name":"wp","href":"https:\/\/api.w.org\/{rel}","templated":true}]}}