{"id":147,"date":"2024-11-22T18:37:15","date_gmt":"2024-11-22T18:37:15","guid":{"rendered":"https:\/\/cymaq.com\/?page_id=147"},"modified":"2024-12-11T14:26:39","modified_gmt":"2024-12-11T14:26:39","slug":"tecnologia","status":"publish","type":"page","link":"https:\/\/cymaq.com\/pt\/tecnologia\/","title":{"rendered":"Tecnolog\u00eda"},"content":{"rendered":"    ","protected":false},"excerpt":{"rendered":"<p>Baixa manuten\u00e7\u00e3o A alta qualidade dos materiais torna a manuten\u00e7\u00e3o m\u00ednima. rastreamento Nossos especialistas ir\u00e3o orient\u00e1-lo na integra\u00e7\u00e3o e ajuste das m\u00e1quinas. VELOCIDADE DE MARCA\u00c7\u00c3O Nossa tecnologia patenteada oferece marca\u00e7\u00e3o r\u00e1pida, precisa e de alta qualidade. Tecnologia avan\u00e7ada CYMAQ oferece solu\u00e7\u00f5es de marca\u00e7\u00e3o personalizadas e aconselhamento profissional para atender \u00e0s necessidades espec\u00edficas dos nossos clientes: [&hellip;]<\/p>\n","protected":false},"author":1,"featured_media":0,"parent":0,"menu_order":0,"comment_status":"closed","ping_status":"closed","template":"full-width","meta":{"saved_in_kubio":true,"_monsterinsights_skip_tracking":false,"_monsterinsights_sitenote_active":false,"_monsterinsights_sitenote_note":"","_monsterinsights_sitenote_category":0,"footnotes":""},"class_list":["post-147","page","type-page","status-publish","hentry"],"aioseo_notices":[],"kubio_ai_page_context":{"short_desc":"","purpose":"general"},"_links":{"self":[{"href":"https:\/\/cymaq.com\/pt\/wp-json\/wp\/v2\/pages\/147","targetHints":{"allow":["GET"]}}],"collection":[{"href":"https:\/\/cymaq.com\/pt\/wp-json\/wp\/v2\/pages"}],"about":[{"href":"https:\/\/cymaq.com\/pt\/wp-json\/wp\/v2\/types\/page"}],"author":[{"embeddable":true,"href":"https:\/\/cymaq.com\/pt\/wp-json\/wp\/v2\/users\/1"}],"replies":[{"embeddable":true,"href":"https:\/\/cymaq.com\/pt\/wp-json\/wp\/v2\/comments?post=147"}],"version-history":[{"count":18,"href":"https:\/\/cymaq.com\/pt\/wp-json\/wp\/v2\/pages\/147\/revisions"}],"predecessor-version":[{"id":506,"href":"https:\/\/cymaq.com\/pt\/wp-json\/wp\/v2\/pages\/147\/revisions\/506"}],"wp:attachment":[{"href":"https:\/\/cymaq.com\/pt\/wp-json\/wp\/v2\/media?parent=147"}],"curies":[{"name":"wp","href":"https:\/\/api.w.org\/{rel}","templated":true}]}}