{"id":150,"date":"2024-11-22T18:39:01","date_gmt":"2024-11-22T18:39:01","guid":{"rendered":"https:\/\/cymaq.com\/?page_id=150"},"modified":"2024-11-24T17:40:20","modified_gmt":"2024-11-24T17:40:20","slug":"distribuidores","status":"publish","type":"page","link":"https:\/\/cymaq.com\/pt\/distribuidores\/","title":{"rendered":"Distribuidores"},"content":{"rendered":"\r\n\r\n\r\n\r\n\r\n\r\n\r\n\r\n","protected":false},"excerpt":{"rendered":"<p>Nossa rede de distribuidores Fran\u00e7a Brasil Canad\u00e1 Alemanha Cor\u00e9ia S. M\u00e9xico Junte-se \u00e0 nossa equipe Se pretende fazer parte da nossa equipa de distribuidores, n\u00e3o hesite em contactar-nos. mais informa\u00e7\u00f5es Procuramos distribuidores contato CONTATE-NOS<\/p>\n","protected":false},"author":1,"featured_media":0,"parent":0,"menu_order":0,"comment_status":"closed","ping_status":"closed","template":"full-width","meta":{"saved_in_kubio":true,"_monsterinsights_skip_tracking":false,"_monsterinsights_sitenote_active":false,"_monsterinsights_sitenote_note":"","_monsterinsights_sitenote_category":0,"footnotes":""},"class_list":["post-150","page","type-page","status-publish","hentry"],"aioseo_notices":[],"kubio_ai_page_context":{"short_desc":"","purpose":"general"},"_links":{"self":[{"href":"https:\/\/cymaq.com\/pt\/wp-json\/wp\/v2\/pages\/150","targetHints":{"allow":["GET"]}}],"collection":[{"href":"https:\/\/cymaq.com\/pt\/wp-json\/wp\/v2\/pages"}],"about":[{"href":"https:\/\/cymaq.com\/pt\/wp-json\/wp\/v2\/types\/page"}],"author":[{"embeddable":true,"href":"https:\/\/cymaq.com\/pt\/wp-json\/wp\/v2\/users\/1"}],"replies":[{"embeddable":true,"href":"https:\/\/cymaq.com\/pt\/wp-json\/wp\/v2\/comments?post=150"}],"version-history":[{"count":6,"href":"https:\/\/cymaq.com\/pt\/wp-json\/wp\/v2\/pages\/150\/revisions"}],"predecessor-version":[{"id":213,"href":"https:\/\/cymaq.com\/pt\/wp-json\/wp\/v2\/pages\/150\/revisions\/213"}],"wp:attachment":[{"href":"https:\/\/cymaq.com\/pt\/wp-json\/wp\/v2\/media?parent=150"}],"curies":[{"name":"wp","href":"https:\/\/api.w.org\/{rel}","templated":true}]}}