{"id":233,"date":"2024-11-25T09:04:28","date_gmt":"2024-11-25T09:04:28","guid":{"rendered":"https:\/\/cymaq.com\/?page_id=233"},"modified":"2025-10-17T07:09:06","modified_gmt":"2025-10-17T07:09:06","slug":"marcadoras-integrales","status":"publish","type":"page","link":"https:\/\/cymaq.com\/pt\/marcadoras-integraveis\/","title":{"rendered":"Marcadores integr\u00e1veis"},"content":{"rendered":"\r\n\r\n","protected":false},"excerpt":{"rendered":"<p>DS6040 nosso modelo mais compacto Modelo compacto com janela de 60 mm X 40 mm ideal para integra\u00e7\u00e3o em sistemas de produ\u00e7\u00e3o ou de coluna. Baseados na tecnologia patenteada Differential System, permitem alta velocidade (12 caracteres por segundo), profundidade de marca\u00e7\u00e3o e alta precis\u00e3o sem erro de \u00e2ngulo. \u00d3tima qualidade na marca\u00e7\u00e3o de logotipos e [&hellip;]<\/p>\n","protected":false},"author":1,"featured_media":258,"parent":0,"menu_order":0,"comment_status":"closed","ping_status":"closed","template":"full-width","meta":{"saved_in_kubio":true,"_monsterinsights_skip_tracking":false,"_monsterinsights_sitenote_active":false,"_monsterinsights_sitenote_note":"","_monsterinsights_sitenote_category":0,"footnotes":""},"class_list":["post-233","page","type-page","status-publish","has-post-thumbnail","hentry"],"aioseo_notices":[],"kubio_ai_page_context":{"short_desc":"","purpose":"general"},"_links":{"self":[{"href":"https:\/\/cymaq.com\/pt\/wp-json\/wp\/v2\/pages\/233","targetHints":{"allow":["GET"]}}],"collection":[{"href":"https:\/\/cymaq.com\/pt\/wp-json\/wp\/v2\/pages"}],"about":[{"href":"https:\/\/cymaq.com\/pt\/wp-json\/wp\/v2\/types\/page"}],"author":[{"embeddable":true,"href":"https:\/\/cymaq.com\/pt\/wp-json\/wp\/v2\/users\/1"}],"replies":[{"embeddable":true,"href":"https:\/\/cymaq.com\/pt\/wp-json\/wp\/v2\/comments?post=233"}],"version-history":[{"count":29,"href":"https:\/\/cymaq.com\/pt\/wp-json\/wp\/v2\/pages\/233\/revisions"}],"predecessor-version":[{"id":580,"href":"https:\/\/cymaq.com\/pt\/wp-json\/wp\/v2\/pages\/233\/revisions\/580"}],"wp:featuredmedia":[{"embeddable":true,"href":"https:\/\/cymaq.com\/pt\/wp-json\/wp\/v2\/media\/258"}],"wp:attachment":[{"href":"https:\/\/cymaq.com\/pt\/wp-json\/wp\/v2\/media?parent=233"}],"curies":[{"name":"wp","href":"https:\/\/api.w.org\/{rel}","templated":true}]}}