{"id":72,"date":"2024-11-22T11:46:36","date_gmt":"2024-11-22T11:46:36","guid":{"rendered":"https:\/\/cymaq.com\/?page_id=72"},"modified":"2024-12-04T12:29:43","modified_gmt":"2024-12-04T12:29:43","slug":"sobre-nosotros","status":"publish","type":"page","link":"https:\/\/cymaq.com\/pt\/sobre-no\/","title":{"rendered":"Bem vindo ao <i> CYMAQ<\/i>"},"content":{"rendered":"  ","protected":false},"excerpt":{"rendered":"<p>CYMAQ CYMAQ \u00e9 a linha de produtos desenhada e desenvolvida pela PYFESA com o objetivo de produzir e comercializar uma gama inovadora de marcadores industriais. Patenteados com o nome de Differential System, incorporam um sistema de tra\u00e7\u00e3o que proporciona robustez, durabilidade e m\u00e1xima velocidade \u00e0 marca\u00e7\u00e3o por micropercuss\u00e3o. A PYFESA tamb\u00e9m fornece suporte eletr\u00f4nico e [&hellip;]<\/p>\n","protected":false},"author":1,"featured_media":0,"parent":0,"menu_order":0,"comment_status":"closed","ping_status":"closed","template":"full-width","meta":{"saved_in_kubio":true,"_monsterinsights_skip_tracking":false,"_monsterinsights_sitenote_active":false,"_monsterinsights_sitenote_note":"","_monsterinsights_sitenote_category":0,"footnotes":""},"class_list":["post-72","page","type-page","status-publish","hentry"],"aioseo_notices":[],"kubio_ai_page_context":{"short_desc":"","purpose":"general"},"_links":{"self":[{"href":"https:\/\/cymaq.com\/pt\/wp-json\/wp\/v2\/pages\/72","targetHints":{"allow":["GET"]}}],"collection":[{"href":"https:\/\/cymaq.com\/pt\/wp-json\/wp\/v2\/pages"}],"about":[{"href":"https:\/\/cymaq.com\/pt\/wp-json\/wp\/v2\/types\/page"}],"author":[{"embeddable":true,"href":"https:\/\/cymaq.com\/pt\/wp-json\/wp\/v2\/users\/1"}],"replies":[{"embeddable":true,"href":"https:\/\/cymaq.com\/pt\/wp-json\/wp\/v2\/comments?post=72"}],"version-history":[{"count":14,"href":"https:\/\/cymaq.com\/pt\/wp-json\/wp\/v2\/pages\/72\/revisions"}],"predecessor-version":[{"id":488,"href":"https:\/\/cymaq.com\/pt\/wp-json\/wp\/v2\/pages\/72\/revisions\/488"}],"wp:attachment":[{"href":"https:\/\/cymaq.com\/pt\/wp-json\/wp\/v2\/media?parent=72"}],"curies":[{"name":"wp","href":"https:\/\/api.w.org\/{rel}","templated":true}]}}