{"id":8,"date":"2024-11-22T08:10:06","date_gmt":"2024-11-22T08:10:06","guid":{"rendered":"https:\/\/cymaq.com\/front_page\/"},"modified":"2025-06-24T09:31:45","modified_gmt":"2025-06-24T09:31:45","slug":"marcadoras-micropercusion","status":"publish","type":"page","link":"https:\/\/cymaq.com\/pt\/","title":{"rendered":"Marca\u00e7\u00e3o industrial"},"content":{"rendered":"\r\n\r\n\r\n\r\n\r\n\r\n\r\n\r\n\r\n\r\n\r\n\r\n","protected":false},"excerpt":{"rendered":"<p>tecnologia patenteada Princ\u00edpio de funcionamento Differential System patenteado consegue reduzir a massa aderida ao pun\u00e7\u00e3o para que as acelera\u00e7\u00f5es e travagens que deve realizar sejam mais r\u00e1pidas. solu\u00e7\u00f5es personalizadas Tecnologia apoiada pela nossa equipa de engenheiros, que nos permite oferecer solu\u00e7\u00f5es personalizadas e facilmente integr\u00e1veis \u200b\u200bnos seus sistemas de produ\u00e7\u00e3o. PRE\u00c7OS COMPETITIVOS Oferecemos pre\u00e7os ajustados [&hellip;]<\/p>\n","protected":false},"author":1,"featured_media":258,"parent":0,"menu_order":0,"comment_status":"closed","ping_status":"closed","template":"","meta":{"saved_in_kubio":true,"_monsterinsights_skip_tracking":false,"_monsterinsights_sitenote_active":false,"_monsterinsights_sitenote_note":"","_monsterinsights_sitenote_category":0,"footnotes":""},"class_list":["post-8","page","type-page","status-publish","has-post-thumbnail","hentry"],"aioseo_notices":[],"kubio_ai_page_context":{"short_desc":"","purpose":"general"},"_links":{"self":[{"href":"https:\/\/cymaq.com\/pt\/wp-json\/wp\/v2\/pages\/8","targetHints":{"allow":["GET"]}}],"collection":[{"href":"https:\/\/cymaq.com\/pt\/wp-json\/wp\/v2\/pages"}],"about":[{"href":"https:\/\/cymaq.com\/pt\/wp-json\/wp\/v2\/types\/page"}],"author":[{"embeddable":true,"href":"https:\/\/cymaq.com\/pt\/wp-json\/wp\/v2\/users\/1"}],"replies":[{"embeddable":true,"href":"https:\/\/cymaq.com\/pt\/wp-json\/wp\/v2\/comments?post=8"}],"version-history":[{"count":23,"href":"https:\/\/cymaq.com\/pt\/wp-json\/wp\/v2\/pages\/8\/revisions"}],"predecessor-version":[{"id":564,"href":"https:\/\/cymaq.com\/pt\/wp-json\/wp\/v2\/pages\/8\/revisions\/564"}],"wp:featuredmedia":[{"embeddable":true,"href":"https:\/\/cymaq.com\/pt\/wp-json\/wp\/v2\/media\/258"}],"wp:attachment":[{"href":"https:\/\/cymaq.com\/pt\/wp-json\/wp\/v2\/media?parent=8"}],"curies":[{"name":"wp","href":"https:\/\/api.w.org\/{rel}","templated":true}]}}